{"id":1086,"date":"2022-07-18T12:58:29","date_gmt":"2022-07-18T10:58:29","guid":{"rendered":"https:\/\/prepomat.pl\/about-us\/"},"modified":"2024-07-30T13:11:21","modified_gmt":"2024-07-30T11:11:21","slug":"about-us","status":"publish","type":"page","link":"https:\/\/prepomat.pl\/en\/about-us\/","title":{"rendered":"About us"},"content":{"rendered":"\t\t<div data-elementor-type=\"wp-page\" data-elementor-id=\"1086\" class=\"elementor elementor-1086 elementor-313\" data-elementor-post-type=\"page\">\n\t\t\t\t<div class=\"elementor-element elementor-element-50e2312 e-flex e-con-boxed e-con e-parent\" data-id=\"50e2312\" data-element_type=\"container\" data-e-type=\"container\" data-settings=\"{&quot;background_background&quot;:&quot;classic&quot;}\">\n\t\t\t\t\t<div class=\"e-con-inner\">\n\t\t<div class=\"elementor-element elementor-element-51dfa1e e-con-full e-flex e-con e-child\" data-id=\"51dfa1e\" data-element_type=\"container\" data-e-type=\"container\" data-settings=\"{&quot;background_background&quot;:&quot;classic&quot;}\">\n\t\t\t\t<div class=\"elementor-element elementor-element-a6b3f04 elementor-widget elementor-widget-heading\" data-id=\"a6b3f04\" data-element_type=\"widget\" data-e-type=\"widget\" data-widget_type=\"heading.default\">\n\t\t\t\t<div class=\"elementor-widget-container\">\n\t\t\t\t\t<h1 class=\"elementor-heading-title elementor-size-default\">PrEPOMAT<\/h1>\t\t\t\t<\/div>\n\t\t\t\t<\/div>\n\t\t\t\t<div class=\"elementor-element elementor-element-5863c26 elementor-widget elementor-widget-text-editor\" data-id=\"5863c26\" data-element_type=\"widget\" data-e-type=\"widget\" data-widget_type=\"text-editor.default\">\n\t\t\t\t<div class=\"elementor-widget-container\">\n\t\t\t\t\t\t\t\t\t<p>PrEPOMAT is a project of the <strong>Pozna\u0144 Stonewall Clinic<\/strong>, whose main goal is to facilitate access to pre-exposure HIV\/AIDS prophylaxis.<\/p><p>We shorten the distance between the patient and the doctor, enabling necessary consultations in a fast online form.<\/p><p><strong>The Stonewall Clinic<\/strong> is the result of the cooperation between the <strong>Pozna\u0144 PrEP Center<\/strong> and the <strong>Stonewall Group Association<\/strong>. It is a place where taking care of your sexual health is easy and comfortable. In addition to the standard commercial offer of laboratory tests, treatment for syphilis, gonorrhea, and chlamydia, and vaccinations, the clinic also regularly organizes free testing campaigns for <strong>HIV, syphilis, and HCV<\/strong>.<\/p><p>The Stonewall Clinic operates in <strong>Pozna\u0144 at P\u00f3\u0142wiejska Street 17\/18<\/strong>. You can find its full offer by clicking the link below.<\/p>\t\t\t\t\t\t\t\t<\/div>\n\t\t\t\t<\/div>\n\t\t\t\t<div class=\"elementor-element elementor-element-45b75af elementor-widget elementor-widget-button\" data-id=\"45b75af\" data-element_type=\"widget\" data-e-type=\"widget\" data-widget_type=\"button.default\">\n\t\t\t\t<div class=\"elementor-widget-container\">\n\t\t\t\t\t\t\t\t\t<div class=\"elementor-button-wrapper\">\n\t\t\t\t\t<a class=\"elementor-button elementor-button-link elementor-size-sm\" href=\"https:\/\/przychodnia-stonewall.pl\" target=\"_blank\">\n\t\t\t\t\t\t<span class=\"elementor-button-content-wrapper\">\n\t\t\t\t\t\t<span class=\"elementor-button-icon\">\n\t\t\t\t<i aria-hidden=\"true\" class=\"far fa-file-powerpoint\"><\/i>\t\t\t<\/span>\n\t\t\t\t\t\t\t\t\t<span class=\"elementor-button-text\">Stonewall Clinic website<\/span>\n\t\t\t\t\t<\/span>\n\t\t\t\t\t<\/a>\n\t\t\t\t<\/div>\n\t\t\t\t\t\t\t\t<\/div>\n\t\t\t\t<\/div>\n\t\t\t\t<div class=\"elementor-element elementor-element-47bc72c elementor-hidden-mobile elementor-widget elementor-widget-image\" data-id=\"47bc72c\" data-element_type=\"widget\" data-e-type=\"widget\" data-widget_type=\"image.default\">\n\t\t\t\t<div class=\"elementor-widget-container\">\n\t\t\t\t\t\t\t\t\t\t\t\t\t\t\t<img fetchpriority=\"high\" decoding=\"async\" width=\"800\" height=\"800\" src=\"https:\/\/prepomat.pl\/wp-content\/uploads\/2022\/07\/theme-5.svg\" class=\"attachment-large size-large wp-image-999\" alt=\"\" \/>\t\t\t\t\t\t\t\t\t\t\t\t\t\t\t<\/div>\n\t\t\t\t<\/div>\n\t\t\t\t<\/div>\n\t\t<div class=\"elementor-element elementor-element-8a18343 e-con-full e-flex e-con e-child\" data-id=\"8a18343\" data-element_type=\"container\" data-e-type=\"container\">\n\t\t\t\t<div class=\"elementor-element elementor-element-4691a03 elementor-widget elementor-widget-image\" data-id=\"4691a03\" data-element_type=\"widget\" data-e-type=\"widget\" data-widget_type=\"image.default\">\n\t\t\t\t<div class=\"elementor-widget-container\">\n\t\t\t\t\t\t\t\t\t\t\t\t\t\t\t<img decoding=\"async\" width=\"800\" height=\"800\" src=\"https:\/\/prepomat.pl\/wp-content\/uploads\/2024\/01\/GRAFIKA_O_NAS_WWW-kopia-2-1024x1024.png\" class=\"attachment-large size-large wp-image-1033\" alt=\"\" srcset=\"https:\/\/prepomat.pl\/wp-content\/uploads\/2024\/01\/GRAFIKA_O_NAS_WWW-kopia-2-1024x1024.png 1024w, https:\/\/prepomat.pl\/wp-content\/uploads\/2024\/01\/GRAFIKA_O_NAS_WWW-kopia-2-300x300.png 300w, https:\/\/prepomat.pl\/wp-content\/uploads\/2024\/01\/GRAFIKA_O_NAS_WWW-kopia-2-150x150.png 150w, https:\/\/prepomat.pl\/wp-content\/uploads\/2024\/01\/GRAFIKA_O_NAS_WWW-kopia-2-768x768.png 768w, https:\/\/prepomat.pl\/wp-content\/uploads\/2024\/01\/GRAFIKA_O_NAS_WWW-kopia-2-1536x1536.png 1536w, https:\/\/prepomat.pl\/wp-content\/uploads\/2024\/01\/GRAFIKA_O_NAS_WWW-kopia-2-600x600.png 600w, https:\/\/prepomat.pl\/wp-content\/uploads\/2024\/01\/GRAFIKA_O_NAS_WWW-kopia-2-100x100.png 100w, https:\/\/prepomat.pl\/wp-content\/uploads\/2024\/01\/GRAFIKA_O_NAS_WWW-kopia-2.png 2000w\" sizes=\"(max-width: 800px) 100vw, 800px\" \/>\t\t\t\t\t\t\t\t\t\t\t\t\t\t\t<\/div>\n\t\t\t\t<\/div>\n\t\t\t\t<\/div>\n\t\t\t\t\t<\/div>\n\t\t\t\t<\/div>\n\t\t\t\t<\/div>\n\t\t","protected":false},"excerpt":{"rendered":"<p>PrEPOMAT PrEPOMAT is a project of the Pozna\u0144 Stonewall Clinic, whose main goal is to facilitate access to pre-exposure HIV\/AIDS prophylaxis. We shorten the distance between the patient and the doctor, enabling necessary consultations in a fast online form. The Stonewall Clinic is the result of the cooperation between the Pozna\u0144 PrEP Center and the [&hellip;]<\/p>\n","protected":false},"author":5,"featured_media":0,"parent":0,"menu_order":0,"comment_status":"closed","ping_status":"closed","template":"","meta":{"footnotes":""},"class_list":["post-1086","page","type-page","status-publish","hentry"],"_links":{"self":[{"href":"https:\/\/prepomat.pl\/en\/wp-json\/wp\/v2\/pages\/1086","targetHints":{"allow":["GET"]}}],"collection":[{"href":"https:\/\/prepomat.pl\/en\/wp-json\/wp\/v2\/pages"}],"about":[{"href":"https:\/\/prepomat.pl\/en\/wp-json\/wp\/v2\/types\/page"}],"author":[{"embeddable":true,"href":"https:\/\/prepomat.pl\/en\/wp-json\/wp\/v2\/users\/5"}],"replies":[{"embeddable":true,"href":"https:\/\/prepomat.pl\/en\/wp-json\/wp\/v2\/comments?post=1086"}],"version-history":[{"count":11,"href":"https:\/\/prepomat.pl\/en\/wp-json\/wp\/v2\/pages\/1086\/revisions"}],"predecessor-version":[{"id":2557,"href":"https:\/\/prepomat.pl\/en\/wp-json\/wp\/v2\/pages\/1086\/revisions\/2557"}],"wp:attachment":[{"href":"https:\/\/prepomat.pl\/en\/wp-json\/wp\/v2\/media?parent=1086"}],"curies":[{"name":"wp","href":"https:\/\/api.w.org\/{rel}","templated":true}]}}