{"id":1078,"date":"2022-07-12T18:32:13","date_gmt":"2022-07-12T16:32:13","guid":{"rendered":"https:\/\/prepomat.pl\/contacto\/"},"modified":"2024-07-30T14:51:23","modified_gmt":"2024-07-30T12:51:23","slug":"contacto","status":"publish","type":"page","link":"https:\/\/prepomat.pl\/es\/contacto\/","title":{"rendered":"Contacto"},"content":{"rendered":"\t\t<div data-elementor-type=\"wp-page\" data-elementor-id=\"1078\" class=\"elementor elementor-1078 elementor-232\" data-elementor-post-type=\"page\">\n\t\t\t\t<div class=\"elementor-element elementor-element-ffaa9e9 e-flex e-con-boxed e-con e-parent\" data-id=\"ffaa9e9\" data-element_type=\"container\" data-e-type=\"container\" data-settings=\"{&quot;background_background&quot;:&quot;classic&quot;}\">\n\t\t\t\t\t<div class=\"e-con-inner\">\n\t\t<div class=\"elementor-element elementor-element-eaa5f2f e-con-full e-flex e-con e-child\" data-id=\"eaa5f2f\" data-element_type=\"container\" data-e-type=\"container\" data-settings=\"{&quot;background_background&quot;:&quot;classic&quot;}\">\n\t\t\t\t<div class=\"elementor-element elementor-element-aec1c09 elementor-widget elementor-widget-heading\" data-id=\"aec1c09\" data-element_type=\"widget\" data-e-type=\"widget\" data-widget_type=\"heading.default\">\n\t\t\t\t<div class=\"elementor-widget-container\">\n\t\t\t\t\t<h1 class=\"elementor-heading-title elementor-size-default\">Contacto<\/h1>\t\t\t\t<\/div>\n\t\t\t\t<\/div>\n\t\t\t\t<div class=\"elementor-element elementor-element-e04d3ee elementor-headline--style-rotate elementor-widget elementor-widget-animated-headline\" data-id=\"e04d3ee\" data-element_type=\"widget\" data-e-type=\"widget\" data-settings=\"{&quot;headline_style&quot;:&quot;rotate&quot;,&quot;rotating_text&quot;:&quot;PrEP \\nPEP&quot;,&quot;animation_type&quot;:&quot;drop-in&quot;,&quot;rotate_iteration_delay&quot;:2000,&quot;loop&quot;:&quot;yes&quot;}\" data-widget_type=\"animated-headline.default\">\n\t\t\t\t<div class=\"elementor-widget-container\">\n\t\t\t\t\t\t\t<h2 class=\"elementor-headline elementor-headline-animation-type-drop-in\">\n\t\t\t\t\t<span class=\"elementor-headline-plain-text elementor-headline-text-wrapper\">Consultas de<\/span>\n\t\t\t\t<span class=\"elementor-headline-dynamic-wrapper elementor-headline-text-wrapper\">\n\t\t\t\t\t<span class=\"elementor-headline-dynamic-text elementor-headline-text-active\">\n\t\t\t\tPrEP&nbsp;\t\t\t<\/span>\n\t\t\t\t\t<span class=\"elementor-headline-dynamic-text\">\n\t\t\t\tPEP\t\t\t<\/span>\n\t\t\t\t\t\t<\/span>\n\t\t\t\t\t<span class=\"elementor-headline-plain-text elementor-headline-text-wrapper\">Online<\/span>\n\t\t\t\t\t<\/h2>\n\t\t\t\t\t\t<\/div>\n\t\t\t\t<\/div>\n\t\t\t\t<div class=\"elementor-element elementor-element-5aa364d elementor-widget elementor-widget-text-editor\" data-id=\"5aa364d\" data-element_type=\"widget\" data-e-type=\"widget\" data-widget_type=\"text-editor.default\">\n\t\t\t\t<div class=\"elementor-widget-container\">\n\t\t\t\t\t\t\t\t\t<p>Si no est\u00e1s seguro de qu\u00e9 servicio elegir y si calificas, ll\u00e1manos al n\u00famero<a href=\"tel:+48798157665\"><strong>\u00a0798 157 665<\/strong><\/a>.<\/p><p>La inscripci\u00f3n telef\u00f3nica est\u00e1 disponible de lunes a viernes de\u00a0<strong>09:00 a 15:00<\/strong>.<\/p><p>Para consultas sobre PEP, nuestros m\u00e9dicos est\u00e1n disponibles diariamente de <strong>09:00 a 22:00\u00a0<\/strong>en la direcci\u00f3n <a href=\"mailto:kontakt@prepomat.pl\">kontakt@prepomat.pl<\/a>.<\/p><p>Tambi\u00e9n te invitamos a nuestra cl\u00ednica en Pozna\u0144. M\u00e1s informaci\u00f3n sobre la Cl\u00ednica Stonewall\u00a0\u2193<\/p>\t\t\t\t\t\t\t\t<\/div>\n\t\t\t\t<\/div>\n\t\t\t\t<div class=\"elementor-element elementor-element-586d4eb elementor-widget elementor-widget-button\" data-id=\"586d4eb\" data-element_type=\"widget\" data-e-type=\"widget\" data-widget_type=\"button.default\">\n\t\t\t\t<div class=\"elementor-widget-container\">\n\t\t\t\t\t\t\t\t\t<div class=\"elementor-button-wrapper\">\n\t\t\t\t\t<a class=\"elementor-button elementor-button-link elementor-size-sm\" href=\"https:\/\/przychodnia-stonewall.pl\" target=\"_blank\">\n\t\t\t\t\t\t<span class=\"elementor-button-content-wrapper\">\n\t\t\t\t\t\t<span class=\"elementor-button-icon\">\n\t\t\t\t<i aria-hidden=\"true\" class=\"far fa-file-powerpoint\"><\/i>\t\t\t<\/span>\n\t\t\t\t\t\t\t\t\t<span class=\"elementor-button-text\">Cl\u00ednica Stonewall<\/span>\n\t\t\t\t\t<\/span>\n\t\t\t\t\t<\/a>\n\t\t\t\t<\/div>\n\t\t\t\t\t\t\t\t<\/div>\n\t\t\t\t<\/div>\n\t\t\t\t<div class=\"elementor-element elementor-element-97390e2 elementor-widget elementor-widget-shortcode\" data-id=\"97390e2\" data-element_type=\"widget\" data-e-type=\"widget\" data-widget_type=\"shortcode.default\">\n\t\t\t\t<div class=\"elementor-widget-container\">\n\t\t\t\t\t\t\t<div class=\"elementor-shortcode\"><p class=\"wpcf7-contact-form-not-found\"><strong>Error:<\/strong> Formulario de contacto no encontrado.<\/p><\/div>\n\t\t\t\t\t\t<\/div>\n\t\t\t\t<\/div>\n\t\t\t\t<div class=\"elementor-element elementor-element-889c7bc elementor-hidden-mobile elementor-widget elementor-widget-image\" data-id=\"889c7bc\" data-element_type=\"widget\" data-e-type=\"widget\" data-widget_type=\"image.default\">\n\t\t\t\t<div class=\"elementor-widget-container\">\n\t\t\t\t\t\t\t\t\t\t\t\t\t\t\t<img fetchpriority=\"high\" decoding=\"async\" width=\"800\" height=\"800\" src=\"https:\/\/prepomat.pl\/wp-content\/uploads\/2022\/07\/theme-5.svg\" class=\"attachment-large size-large wp-image-1000\" alt=\"\" \/>\t\t\t\t\t\t\t\t\t\t\t\t\t\t\t<\/div>\n\t\t\t\t<\/div>\n\t\t\t\t<\/div>\n\t\t<div class=\"elementor-element elementor-element-98ee05b e-con-full e-flex e-con e-child\" data-id=\"98ee05b\" data-element_type=\"container\" data-e-type=\"container\">\n\t\t\t\t<div class=\"elementor-element elementor-element-efaa95e elementor-widget elementor-widget-image\" data-id=\"efaa95e\" data-element_type=\"widget\" data-e-type=\"widget\" data-widget_type=\"image.default\">\n\t\t\t\t<div class=\"elementor-widget-container\">\n\t\t\t\t\t\t\t\t\t\t\t\t\t\t\t<img decoding=\"async\" width=\"800\" height=\"800\" src=\"https:\/\/prepomat.pl\/wp-content\/uploads\/2024\/01\/GRAFIKA_O_NAS_WWW-kopia-2-1024x1024.png\" class=\"attachment-large size-large wp-image-1034\" alt=\"\" srcset=\"https:\/\/prepomat.pl\/wp-content\/uploads\/2024\/01\/GRAFIKA_O_NAS_WWW-kopia-2-1024x1024.png 1024w, https:\/\/prepomat.pl\/wp-content\/uploads\/2024\/01\/GRAFIKA_O_NAS_WWW-kopia-2-300x300.png 300w, https:\/\/prepomat.pl\/wp-content\/uploads\/2024\/01\/GRAFIKA_O_NAS_WWW-kopia-2-150x150.png 150w, https:\/\/prepomat.pl\/wp-content\/uploads\/2024\/01\/GRAFIKA_O_NAS_WWW-kopia-2-768x768.png 768w, https:\/\/prepomat.pl\/wp-content\/uploads\/2024\/01\/GRAFIKA_O_NAS_WWW-kopia-2-1536x1536.png 1536w, https:\/\/prepomat.pl\/wp-content\/uploads\/2024\/01\/GRAFIKA_O_NAS_WWW-kopia-2-600x600.png 600w, https:\/\/prepomat.pl\/wp-content\/uploads\/2024\/01\/GRAFIKA_O_NAS_WWW-kopia-2-100x100.png 100w, https:\/\/prepomat.pl\/wp-content\/uploads\/2024\/01\/GRAFIKA_O_NAS_WWW-kopia-2.png 2000w\" sizes=\"(max-width: 800px) 100vw, 800px\" \/>\t\t\t\t\t\t\t\t\t\t\t\t\t\t\t<\/div>\n\t\t\t\t<\/div>\n\t\t\t\t<\/div>\n\t\t\t\t\t<\/div>\n\t\t\t\t<\/div>\n\t\t\t\t<\/div>\n\t\t","protected":false},"excerpt":{"rendered":"<p>Contacto Consultas de PrEP&nbsp; PEP Online Si no est\u00e1s seguro de qu\u00e9 servicio elegir y si calificas, ll\u00e1manos al n\u00famero\u00a0798 157 665. La inscripci\u00f3n telef\u00f3nica est\u00e1 disponible de lunes a viernes de\u00a009:00 a 15:00. Para consultas sobre PEP, nuestros m\u00e9dicos est\u00e1n disponibles diariamente de 09:00 a 22:00\u00a0en la direcci\u00f3n kontakt@prepomat.pl. Tambi\u00e9n te invitamos a nuestra [&hellip;]<\/p>\n","protected":false},"author":5,"featured_media":0,"parent":0,"menu_order":0,"comment_status":"closed","ping_status":"closed","template":"","meta":{"footnotes":""},"class_list":["post-1078","page","type-page","status-publish","hentry"],"_links":{"self":[{"href":"https:\/\/prepomat.pl\/es\/wp-json\/wp\/v2\/pages\/1078","targetHints":{"allow":["GET"]}}],"collection":[{"href":"https:\/\/prepomat.pl\/es\/wp-json\/wp\/v2\/pages"}],"about":[{"href":"https:\/\/prepomat.pl\/es\/wp-json\/wp\/v2\/types\/page"}],"author":[{"embeddable":true,"href":"https:\/\/prepomat.pl\/es\/wp-json\/wp\/v2\/users\/5"}],"replies":[{"embeddable":true,"href":"https:\/\/prepomat.pl\/es\/wp-json\/wp\/v2\/comments?post=1078"}],"version-history":[{"count":12,"href":"https:\/\/prepomat.pl\/es\/wp-json\/wp\/v2\/pages\/1078\/revisions"}],"predecessor-version":[{"id":2624,"href":"https:\/\/prepomat.pl\/es\/wp-json\/wp\/v2\/pages\/1078\/revisions\/2624"}],"wp:attachment":[{"href":"https:\/\/prepomat.pl\/es\/wp-json\/wp\/v2\/media?parent=1078"}],"curies":[{"name":"wp","href":"https:\/\/api.w.org\/{rel}","templated":true}]}}