{"id":1088,"date":"2022-07-18T12:58:29","date_gmt":"2022-07-18T10:58:29","guid":{"rendered":"https:\/\/prepomat.pl\/sobre-nosotros\/"},"modified":"2024-07-30T14:47:03","modified_gmt":"2024-07-30T12:47:03","slug":"sobre-nosotros","status":"publish","type":"page","link":"https:\/\/prepomat.pl\/es\/sobre-nosotros\/","title":{"rendered":"Sobre nosotros"},"content":{"rendered":"\t\t<div data-elementor-type=\"wp-page\" data-elementor-id=\"1088\" class=\"elementor elementor-1088 elementor-313\" data-elementor-post-type=\"page\">\n\t\t\t\t<div class=\"elementor-element elementor-element-50e2312 e-flex e-con-boxed e-con e-parent\" data-id=\"50e2312\" data-element_type=\"container\" data-e-type=\"container\" data-settings=\"{&quot;background_background&quot;:&quot;classic&quot;}\">\n\t\t\t\t\t<div class=\"e-con-inner\">\n\t\t<div class=\"elementor-element elementor-element-51dfa1e e-con-full e-flex e-con e-child\" data-id=\"51dfa1e\" data-element_type=\"container\" data-e-type=\"container\" data-settings=\"{&quot;background_background&quot;:&quot;classic&quot;}\">\n\t\t\t\t<div class=\"elementor-element elementor-element-a6b3f04 elementor-widget elementor-widget-heading\" data-id=\"a6b3f04\" data-element_type=\"widget\" data-e-type=\"widget\" data-widget_type=\"heading.default\">\n\t\t\t\t<div class=\"elementor-widget-container\">\n\t\t\t\t\t<h1 class=\"elementor-heading-title elementor-size-default\">PrEPOMAT<\/h1>\t\t\t\t<\/div>\n\t\t\t\t<\/div>\n\t\t\t\t<div class=\"elementor-element elementor-element-5863c26 elementor-widget elementor-widget-text-editor\" data-id=\"5863c26\" data-element_type=\"widget\" data-e-type=\"widget\" data-widget_type=\"text-editor.default\">\n\t\t\t\t<div class=\"elementor-widget-container\">\n\t\t\t\t\t\t\t\t\t<p>PrEPOMAT es un proyecto de la <strong>cl\u00ednica Stonewall en Pozna\u0144<\/strong> que tiene como objetivo facilitar el acceso a la profilaxis pre-exposici\u00f3n al <strong>VIH\/SIDA<\/strong>. Acortamos la distancia entre el paciente y el m\u00e9dico, permitiendo que las consultas necesarias se realicen r\u00e1pidamente en l\u00ednea.<\/p><p><strong>La cl\u00ednica Stonewall<\/strong> es el resultado de la colaboraci\u00f3n entre el <strong>Centro PrEP de Pozna\u0144<\/strong> y la asociaci\u00f3n <strong>Stonewall Group<\/strong>. Es un lugar donde cuidar de su salud sexual es f\u00e1cil y c\u00f3modo. Adem\u00e1s de la oferta comercial est\u00e1ndar de an\u00e1lisis de laboratorio, tratamiento de s\u00edfilis, gonorrea y clamidia, as\u00ed como vacunas, la cl\u00ednica tambi\u00e9n organiza campa\u00f1as regulares de pruebas gratuitas <strong>para VIH, s\u00edfilis y VHC<\/strong>.<\/p><p>La cl\u00ednica Stonewall est\u00e1 ubicada en <strong>Pozna\u0144, en la calle P\u00f3\u0142wiejska 17\/18<\/strong>. Puede consultar la oferta completa haciendo clic en el enlace a continuaci\u00f3n.<\/p>\t\t\t\t\t\t\t\t<\/div>\n\t\t\t\t<\/div>\n\t\t\t\t<div class=\"elementor-element elementor-element-45b75af elementor-widget elementor-widget-button\" data-id=\"45b75af\" data-element_type=\"widget\" data-e-type=\"widget\" data-widget_type=\"button.default\">\n\t\t\t\t<div class=\"elementor-widget-container\">\n\t\t\t\t\t\t\t\t\t<div class=\"elementor-button-wrapper\">\n\t\t\t\t\t<a class=\"elementor-button elementor-button-link elementor-size-sm\" href=\"https:\/\/przychodnia-stonewall.pl\" target=\"_blank\">\n\t\t\t\t\t\t<span class=\"elementor-button-content-wrapper\">\n\t\t\t\t\t\t<span class=\"elementor-button-icon\">\n\t\t\t\t<i aria-hidden=\"true\" class=\"far fa-file-powerpoint\"><\/i>\t\t\t<\/span>\n\t\t\t\t\t\t\t\t\t<span class=\"elementor-button-text\">Sitio web de la cl\u00ednica Stonewall<\/span>\n\t\t\t\t\t<\/span>\n\t\t\t\t\t<\/a>\n\t\t\t\t<\/div>\n\t\t\t\t\t\t\t\t<\/div>\n\t\t\t\t<\/div>\n\t\t\t\t<div class=\"elementor-element elementor-element-47bc72c elementor-hidden-mobile elementor-widget elementor-widget-image\" data-id=\"47bc72c\" data-element_type=\"widget\" data-e-type=\"widget\" data-widget_type=\"image.default\">\n\t\t\t\t<div class=\"elementor-widget-container\">\n\t\t\t\t\t\t\t\t\t\t\t\t\t\t\t<img fetchpriority=\"high\" decoding=\"async\" width=\"800\" height=\"800\" src=\"https:\/\/prepomat.pl\/wp-content\/uploads\/2022\/07\/theme-5.svg\" class=\"attachment-large size-large wp-image-1000\" alt=\"\" \/>\t\t\t\t\t\t\t\t\t\t\t\t\t\t\t<\/div>\n\t\t\t\t<\/div>\n\t\t\t\t<\/div>\n\t\t<div class=\"elementor-element elementor-element-8a18343 e-con-full e-flex e-con e-child\" data-id=\"8a18343\" data-element_type=\"container\" data-e-type=\"container\">\n\t\t\t\t<div class=\"elementor-element elementor-element-4691a03 elementor-widget elementor-widget-image\" data-id=\"4691a03\" data-element_type=\"widget\" data-e-type=\"widget\" data-widget_type=\"image.default\">\n\t\t\t\t<div class=\"elementor-widget-container\">\n\t\t\t\t\t\t\t\t\t\t\t\t\t\t\t<img decoding=\"async\" width=\"800\" height=\"800\" src=\"https:\/\/prepomat.pl\/wp-content\/uploads\/2024\/01\/GRAFIKA_O_NAS_WWW-kopia-2-1024x1024.png\" class=\"attachment-large size-large wp-image-1034\" alt=\"\" srcset=\"https:\/\/prepomat.pl\/wp-content\/uploads\/2024\/01\/GRAFIKA_O_NAS_WWW-kopia-2-1024x1024.png 1024w, https:\/\/prepomat.pl\/wp-content\/uploads\/2024\/01\/GRAFIKA_O_NAS_WWW-kopia-2-300x300.png 300w, https:\/\/prepomat.pl\/wp-content\/uploads\/2024\/01\/GRAFIKA_O_NAS_WWW-kopia-2-150x150.png 150w, https:\/\/prepomat.pl\/wp-content\/uploads\/2024\/01\/GRAFIKA_O_NAS_WWW-kopia-2-768x768.png 768w, https:\/\/prepomat.pl\/wp-content\/uploads\/2024\/01\/GRAFIKA_O_NAS_WWW-kopia-2-1536x1536.png 1536w, https:\/\/prepomat.pl\/wp-content\/uploads\/2024\/01\/GRAFIKA_O_NAS_WWW-kopia-2-600x600.png 600w, https:\/\/prepomat.pl\/wp-content\/uploads\/2024\/01\/GRAFIKA_O_NAS_WWW-kopia-2-100x100.png 100w, https:\/\/prepomat.pl\/wp-content\/uploads\/2024\/01\/GRAFIKA_O_NAS_WWW-kopia-2.png 2000w\" sizes=\"(max-width: 800px) 100vw, 800px\" \/>\t\t\t\t\t\t\t\t\t\t\t\t\t\t\t<\/div>\n\t\t\t\t<\/div>\n\t\t\t\t<\/div>\n\t\t\t\t\t<\/div>\n\t\t\t\t<\/div>\n\t\t\t\t<\/div>\n\t\t","protected":false},"excerpt":{"rendered":"<p>PrEPOMAT PrEPOMAT es un proyecto de la cl\u00ednica Stonewall en Pozna\u0144 que tiene como objetivo facilitar el acceso a la profilaxis pre-exposici\u00f3n al VIH\/SIDA. Acortamos la distancia entre el paciente y el m\u00e9dico, permitiendo que las consultas necesarias se realicen r\u00e1pidamente en l\u00ednea. La cl\u00ednica Stonewall es el resultado de la colaboraci\u00f3n entre el Centro [&hellip;]<\/p>\n","protected":false},"author":5,"featured_media":0,"parent":0,"menu_order":0,"comment_status":"closed","ping_status":"closed","template":"","meta":{"footnotes":""},"class_list":["post-1088","page","type-page","status-publish","hentry"],"_links":{"self":[{"href":"https:\/\/prepomat.pl\/es\/wp-json\/wp\/v2\/pages\/1088","targetHints":{"allow":["GET"]}}],"collection":[{"href":"https:\/\/prepomat.pl\/es\/wp-json\/wp\/v2\/pages"}],"about":[{"href":"https:\/\/prepomat.pl\/es\/wp-json\/wp\/v2\/types\/page"}],"author":[{"embeddable":true,"href":"https:\/\/prepomat.pl\/es\/wp-json\/wp\/v2\/users\/5"}],"replies":[{"embeddable":true,"href":"https:\/\/prepomat.pl\/es\/wp-json\/wp\/v2\/comments?post=1088"}],"version-history":[{"count":8,"href":"https:\/\/prepomat.pl\/es\/wp-json\/wp\/v2\/pages\/1088\/revisions"}],"predecessor-version":[{"id":2618,"href":"https:\/\/prepomat.pl\/es\/wp-json\/wp\/v2\/pages\/1088\/revisions\/2618"}],"wp:attachment":[{"href":"https:\/\/prepomat.pl\/es\/wp-json\/wp\/v2\/media?parent=1088"}],"curies":[{"name":"wp","href":"https:\/\/api.w.org\/{rel}","templated":true}]}}