{"id":1590,"date":"2022-07-12T18:36:12","date_gmt":"2022-07-12T16:36:12","guid":{"rendered":"https:\/\/prepomat.pl\/faq\/"},"modified":"2024-07-30T16:05:34","modified_gmt":"2024-07-30T14:05:34","slug":"faq","status":"publish","type":"page","link":"https:\/\/prepomat.pl\/pt-pt\/faq\/","title":{"rendered":"faq"},"content":{"rendered":"\t\t<div data-elementor-type=\"wp-page\" data-elementor-id=\"1590\" class=\"elementor elementor-1590 elementor-240\" data-elementor-post-type=\"page\">\n\t\t\t\t<div class=\"elementor-element elementor-element-21651e2 e-flex e-con-boxed e-con e-parent\" data-id=\"21651e2\" data-element_type=\"container\" data-e-type=\"container\" data-settings=\"{&quot;background_background&quot;:&quot;classic&quot;}\">\n\t\t\t\t\t<div class=\"e-con-inner\">\n\t\t\t\t<div class=\"elementor-element elementor-element-9c54eed elementor-widget elementor-widget-heading\" data-id=\"9c54eed\" data-element_type=\"widget\" data-e-type=\"widget\" data-widget_type=\"heading.default\">\n\t\t\t\t<div class=\"elementor-widget-container\">\n\t\t\t\t\t<h1 class=\"elementor-heading-title elementor-size-default\">FAQ<\/h1>\t\t\t\t<\/div>\n\t\t\t\t<\/div>\n\t\t\t\t<div class=\"elementor-element elementor-element-33baeba elementor-widget elementor-widget-heading\" data-id=\"33baeba\" data-element_type=\"widget\" data-e-type=\"widget\" data-widget_type=\"heading.default\">\n\t\t\t\t<div class=\"elementor-widget-container\">\n\t\t\t\t\t<h2 class=\"elementor-heading-title elementor-size-default\">Voc\u00ea tem alguma pergunta? Aqui est\u00e3o as perguntas mais frequentes com respostas<\/h2>\t\t\t\t<\/div>\n\t\t\t\t<\/div>\n\t\t\t\t\t<\/div>\n\t\t\t\t<\/div>\n\t\t<div class=\"elementor-element elementor-element-3f39b74 e-flex e-con-boxed e-con e-parent\" data-id=\"3f39b74\" data-element_type=\"container\" data-e-type=\"container\" data-settings=\"{&quot;background_background&quot;:&quot;classic&quot;}\">\n\t\t\t\t\t<div class=\"e-con-inner\">\n\t\t<div class=\"elementor-element elementor-element-f35315c e-con-full e-flex e-con e-child\" data-id=\"f35315c\" data-element_type=\"container\" data-e-type=\"container\">\n\t\t\t\t<div class=\"elementor-element elementor-element-886e6e5 elementor-widget elementor-widget-heading\" data-id=\"886e6e5\" data-element_type=\"widget\" data-e-type=\"widget\" data-widget_type=\"heading.default\">\n\t\t\t\t<div class=\"elementor-widget-container\">\n\t\t\t\t\t<h3 class=\"elementor-heading-title elementor-size-default\">D\u00favidas sobre PrEP<\/h3>\t\t\t\t<\/div>\n\t\t\t\t<\/div>\n\t\t\t\t<div class=\"elementor-element elementor-element-79238d6 elementor-widget elementor-widget-toggle\" data-id=\"79238d6\" data-element_type=\"widget\" data-e-type=\"widget\" data-widget_type=\"toggle.default\">\n\t\t\t\t<div class=\"elementor-widget-container\">\n\t\t\t\t\t\t\t<div class=\"elementor-toggle\">\n\t\t\t\t\t\t\t<div class=\"elementor-toggle-item\">\n\t\t\t\t\t<div id=\"elementor-tab-title-1271\" class=\"elementor-tab-title\" data-tab=\"1\" role=\"button\" aria-controls=\"elementor-tab-content-1271\" aria-expanded=\"false\">\n\t\t\t\t\t\t\t\t\t\t\t\t<span class=\"elementor-toggle-icon elementor-toggle-icon-left\" aria-hidden=\"true\">\n\t\t\t\t\t\t\t\t\t\t\t\t\t\t\t<span class=\"elementor-toggle-icon-closed\"><i class=\"fas fa-caret-right\"><\/i><\/span>\n\t\t\t\t\t\t\t\t<span class=\"elementor-toggle-icon-opened\"><i class=\"elementor-toggle-icon-opened fas fa-caret-up\"><\/i><\/span>\n\t\t\t\t\t\t\t\t\t\t\t\t\t<\/span>\n\t\t\t\t\t\t\t\t\t\t\t\t<a class=\"elementor-toggle-title\" tabindex=\"0\">O que \u00e9 PrEP?<\/a>\n\t\t\t\t\t<\/div>\n\n\t\t\t\t\t<div id=\"elementor-tab-content-1271\" class=\"elementor-tab-content elementor-clearfix\" data-tab=\"1\" role=\"region\" aria-labelledby=\"elementor-tab-title-1271\"><p>PrEP \u00e9 uma profilaxia pr\u00e9-exposi\u00e7\u00e3o que reduz o risco de infec\u00e7\u00e3o pelo HIV. Consiste em tomar um comprimido que cont\u00e9m medicamentos antirretrovirais. Numerosos estudos cient\u00edficos demonstraram uma efic\u00e1cia muito alta, quase 100%, deste m\u00e9todo.<\/p><\/div>\n\t\t\t\t<\/div>\n\t\t\t\t\t\t\t<div class=\"elementor-toggle-item\">\n\t\t\t\t\t<div id=\"elementor-tab-title-1272\" class=\"elementor-tab-title\" data-tab=\"2\" role=\"button\" aria-controls=\"elementor-tab-content-1272\" aria-expanded=\"false\">\n\t\t\t\t\t\t\t\t\t\t\t\t<span class=\"elementor-toggle-icon elementor-toggle-icon-left\" aria-hidden=\"true\">\n\t\t\t\t\t\t\t\t\t\t\t\t\t\t\t<span class=\"elementor-toggle-icon-closed\"><i class=\"fas fa-caret-right\"><\/i><\/span>\n\t\t\t\t\t\t\t\t<span class=\"elementor-toggle-icon-opened\"><i class=\"elementor-toggle-icon-opened fas fa-caret-up\"><\/i><\/span>\n\t\t\t\t\t\t\t\t\t\t\t\t\t<\/span>\n\t\t\t\t\t\t\t\t\t\t\t\t<a class=\"elementor-toggle-title\" tabindex=\"0\">Preciso visitar uma cl\u00ednica?<\/a>\n\t\t\t\t\t<\/div>\n\n\t\t\t\t\t<div id=\"elementor-tab-content-1272\" class=\"elementor-tab-content elementor-clearfix\" data-tab=\"2\" role=\"region\" aria-labelledby=\"elementor-tab-title-1272\"><p>Pode utilizar os nossos servi\u00e7os a partir de qualquer lugar na Pol\u00f3nia; o servi\u00e7o \u00e9 totalmente online. N\u00e3o \u00e9 necess\u00e1rio visitar o m\u00e9dico. O paciente recebe uma receita eletr\u00f3nica que pode ser resgatada nas farm\u00e1cias designadas nas principais cidades.<\/p><\/div>\n\t\t\t\t<\/div>\n\t\t\t\t\t\t\t<div class=\"elementor-toggle-item\">\n\t\t\t\t\t<div id=\"elementor-tab-title-1273\" class=\"elementor-tab-title\" data-tab=\"3\" role=\"button\" aria-controls=\"elementor-tab-content-1273\" aria-expanded=\"false\">\n\t\t\t\t\t\t\t\t\t\t\t\t<span class=\"elementor-toggle-icon elementor-toggle-icon-left\" aria-hidden=\"true\">\n\t\t\t\t\t\t\t\t\t\t\t\t\t\t\t<span class=\"elementor-toggle-icon-closed\"><i class=\"fas fa-caret-right\"><\/i><\/span>\n\t\t\t\t\t\t\t\t<span class=\"elementor-toggle-icon-opened\"><i class=\"elementor-toggle-icon-opened fas fa-caret-up\"><\/i><\/span>\n\t\t\t\t\t\t\t\t\t\t\t\t\t<\/span>\n\t\t\t\t\t\t\t\t\t\t\t\t<a class=\"elementor-toggle-title\" tabindex=\"0\">Que testes devo realizar antes de preencher o formul\u00e1rio?<\/a>\n\t\t\t\t\t<\/div>\n\n\t\t\t\t\t<div id=\"elementor-tab-content-1273\" class=\"elementor-tab-content elementor-clearfix\" data-tab=\"3\" role=\"region\" aria-labelledby=\"elementor-tab-title-1273\"><p>Para iniciar a PrEP, deve primeiro realizar testes em qualquer laborat\u00f3rio:<\/p><ul><li>Teste HIV Combo de 4\u00aa gera\u00e7\u00e3o &#8211; deve ser realizado pelo menos 3 semanas ap\u00f3s o \u00faltimo contato de risco;<\/li><li>Ant\u00edgeno HBs;<\/li><li>N\u00edvel de creatinina no sangue;<\/li><li>Hemograma;<\/li><li>Exame geral de urina.<\/li><\/ul><p>Tamb\u00e9m recomendamos a realiza\u00e7\u00e3o de testes adicionais, que n\u00e3o s\u00e3o necess\u00e1rios para obter uma receita:<\/p><ul><li>VDRL (teste de s\u00edfilis);<\/li><li>Testes PCR para gonorreia e clam\u00eddia;<\/li><li>Anticorpos anti-HBs.<\/li><\/ul><\/div>\n\t\t\t\t<\/div>\n\t\t\t\t\t\t\t<div class=\"elementor-toggle-item\">\n\t\t\t\t\t<div id=\"elementor-tab-title-1274\" class=\"elementor-tab-title\" data-tab=\"4\" role=\"button\" aria-controls=\"elementor-tab-content-1274\" aria-expanded=\"false\">\n\t\t\t\t\t\t\t\t\t\t\t\t<span class=\"elementor-toggle-icon elementor-toggle-icon-left\" aria-hidden=\"true\">\n\t\t\t\t\t\t\t\t\t\t\t\t\t\t\t<span class=\"elementor-toggle-icon-closed\"><i class=\"fas fa-caret-right\"><\/i><\/span>\n\t\t\t\t\t\t\t\t<span class=\"elementor-toggle-icon-opened\"><i class=\"elementor-toggle-icon-opened fas fa-caret-up\"><\/i><\/span>\n\t\t\t\t\t\t\t\t\t\t\t\t\t<\/span>\n\t\t\t\t\t\t\t\t\t\t\t\t<a class=\"elementor-toggle-title\" tabindex=\"0\">Como usar PrEP?<\/a>\n\t\t\t\t\t<\/div>\n\n\t\t\t\t\t<div id=\"elementor-tab-content-1274\" class=\"elementor-tab-content elementor-clearfix\" data-tab=\"4\" role=\"region\" aria-labelledby=\"elementor-tab-title-1274\"><p>Junto com a receita, receber\u00e1 um e-mail com recomenda\u00e7\u00f5es detalhadas e uma lista de farm\u00e1cias onde pode comprar PrEP. Tamb\u00e9m ter\u00e1 a oportunidade de fazer perguntas ao m\u00e9dico.<\/p><\/div>\n\t\t\t\t<\/div>\n\t\t\t\t\t\t\t<div class=\"elementor-toggle-item\">\n\t\t\t\t\t<div id=\"elementor-tab-title-1275\" class=\"elementor-tab-title\" data-tab=\"5\" role=\"button\" aria-controls=\"elementor-tab-content-1275\" aria-expanded=\"false\">\n\t\t\t\t\t\t\t\t\t\t\t\t<span class=\"elementor-toggle-icon elementor-toggle-icon-left\" aria-hidden=\"true\">\n\t\t\t\t\t\t\t\t\t\t\t\t\t\t\t<span class=\"elementor-toggle-icon-closed\"><i class=\"fas fa-caret-right\"><\/i><\/span>\n\t\t\t\t\t\t\t\t<span class=\"elementor-toggle-icon-opened\"><i class=\"elementor-toggle-icon-opened fas fa-caret-up\"><\/i><\/span>\n\t\t\t\t\t\t\t\t\t\t\t\t\t<\/span>\n\t\t\t\t\t\t\t\t\t\t\t\t<a class=\"elementor-toggle-title\" tabindex=\"0\">Posso solicitar uma consulta adicional?<\/a>\n\t\t\t\t\t<\/div>\n\n\t\t\t\t\t<div id=\"elementor-tab-content-1275\" class=\"elementor-tab-content elementor-clearfix\" data-tab=\"5\" role=\"region\" aria-labelledby=\"elementor-tab-title-1275\"><p>Se precisar de uma consulta adicional ou explica\u00e7\u00f5es, indique isso no formul\u00e1rio e o nosso pessoal de registo entrar\u00e1 em contacto consigo por telefone ou e-mail para agendar uma consulta online com o m\u00e9dico.<\/p><\/div>\n\t\t\t\t<\/div>\n\t\t\t\t\t\t\t\t\t\t<script type=\"application\/ld+json\">{\"@context\":\"https:\\\/\\\/schema.org\",\"@type\":\"FAQPage\",\"mainEntity\":[{\"@type\":\"Question\",\"name\":\"O que \\u00e9 PrEP?\",\"acceptedAnswer\":{\"@type\":\"Answer\",\"text\":\"<p>PrEP \\u00e9 uma profilaxia pr\\u00e9-exposi\\u00e7\\u00e3o que reduz o risco de infec\\u00e7\\u00e3o pelo HIV. Consiste em tomar um comprimido que cont\\u00e9m medicamentos antirretrovirais. Numerosos estudos cient\\u00edficos demonstraram uma efic\\u00e1cia muito alta, quase 100%, deste m\\u00e9todo.<\\\/p>\"}},{\"@type\":\"Question\",\"name\":\"Preciso visitar uma cl\\u00ednica?\",\"acceptedAnswer\":{\"@type\":\"Answer\",\"text\":\"<p>Pode utilizar os nossos servi\\u00e7os a partir de qualquer lugar na Pol\\u00f3nia; o servi\\u00e7o \\u00e9 totalmente online. N\\u00e3o \\u00e9 necess\\u00e1rio visitar o m\\u00e9dico. O paciente recebe uma receita eletr\\u00f3nica que pode ser resgatada nas farm\\u00e1cias designadas nas principais cidades.<\\\/p>\"}},{\"@type\":\"Question\",\"name\":\"Que testes devo realizar antes de preencher o formul\\u00e1rio?\",\"acceptedAnswer\":{\"@type\":\"Answer\",\"text\":\"<p>Para iniciar a PrEP, deve primeiro realizar testes em qualquer laborat\\u00f3rio:<\\\/p><ul><li>Teste HIV Combo de 4\\u00aa gera\\u00e7\\u00e3o &#8211; deve ser realizado pelo menos 3 semanas ap\\u00f3s o \\u00faltimo contato de risco;<\\\/li><li>Ant\\u00edgeno HBs;<\\\/li><li>N\\u00edvel de creatinina no sangue;<\\\/li><li>Hemograma;<\\\/li><li>Exame geral de urina.<\\\/li><\\\/ul><p>Tamb\\u00e9m recomendamos a realiza\\u00e7\\u00e3o de testes adicionais, que n\\u00e3o s\\u00e3o necess\\u00e1rios para obter uma receita:<\\\/p><ul><li>VDRL (teste de s\\u00edfilis);<\\\/li><li>Testes PCR para gonorreia e clam\\u00eddia;<\\\/li><li>Anticorpos anti-HBs.<\\\/li><\\\/ul>\"}},{\"@type\":\"Question\",\"name\":\"Como usar PrEP?\",\"acceptedAnswer\":{\"@type\":\"Answer\",\"text\":\"<p>Junto com a receita, receber\\u00e1 um e-mail com recomenda\\u00e7\\u00f5es detalhadas e uma lista de farm\\u00e1cias onde pode comprar PrEP. Tamb\\u00e9m ter\\u00e1 a oportunidade de fazer perguntas ao m\\u00e9dico.<\\\/p>\"}},{\"@type\":\"Question\",\"name\":\"Posso solicitar uma consulta adicional?\",\"acceptedAnswer\":{\"@type\":\"Answer\",\"text\":\"<p>Se precisar de uma consulta adicional ou explica\\u00e7\\u00f5es, indique isso no formul\\u00e1rio e o nosso pessoal de registo entrar\\u00e1 em contacto consigo por telefone ou e-mail para agendar uma consulta online com o m\\u00e9dico.<\\\/p>\"}}]}<\/script>\n\t\t\t\t\t<\/div>\n\t\t\t\t\t\t<\/div>\n\t\t\t\t<\/div>\n\t\t\t\t<\/div>\n\t\t<div class=\"elementor-element elementor-element-f085291 e-con-full e-flex e-con e-child\" data-id=\"f085291\" data-element_type=\"container\" data-e-type=\"container\">\n\t\t\t\t<div class=\"elementor-element elementor-element-0db012f elementor-widget elementor-widget-heading\" data-id=\"0db012f\" data-element_type=\"widget\" data-e-type=\"widget\" data-widget_type=\"heading.default\">\n\t\t\t\t<div class=\"elementor-widget-container\">\n\t\t\t\t\t<h3 class=\"elementor-heading-title elementor-size-default\">D\u00favidas sobre PEP<\/h3>\t\t\t\t<\/div>\n\t\t\t\t<\/div>\n\t\t\t\t<div class=\"elementor-element elementor-element-a306606 elementor-widget elementor-widget-toggle\" data-id=\"a306606\" data-element_type=\"widget\" data-e-type=\"widget\" data-widget_type=\"toggle.default\">\n\t\t\t\t<div class=\"elementor-widget-container\">\n\t\t\t\t\t\t\t<div class=\"elementor-toggle\">\n\t\t\t\t\t\t\t<div class=\"elementor-toggle-item\">\n\t\t\t\t\t<div id=\"elementor-tab-title-1701\" class=\"elementor-tab-title\" data-tab=\"1\" role=\"button\" aria-controls=\"elementor-tab-content-1701\" aria-expanded=\"false\">\n\t\t\t\t\t\t\t\t\t\t\t\t<span class=\"elementor-toggle-icon elementor-toggle-icon-left\" aria-hidden=\"true\">\n\t\t\t\t\t\t\t\t\t\t\t\t\t\t\t<span class=\"elementor-toggle-icon-closed\"><i class=\"fas fa-caret-right\"><\/i><\/span>\n\t\t\t\t\t\t\t\t<span class=\"elementor-toggle-icon-opened\"><i class=\"elementor-toggle-icon-opened fas fa-caret-up\"><\/i><\/span>\n\t\t\t\t\t\t\t\t\t\t\t\t\t<\/span>\n\t\t\t\t\t\t\t\t\t\t\t\t<a class=\"elementor-toggle-title\" tabindex=\"0\">O que \u00e9 a profilaxia PEP?<\/a>\n\t\t\t\t\t<\/div>\n\n\t\t\t\t\t<div id=\"elementor-tab-content-1701\" class=\"elementor-tab-content elementor-clearfix\" data-tab=\"1\" role=\"region\" aria-labelledby=\"elementor-tab-title-1701\"><p>PEP \u00e9 uma profilaxia p\u00f3s-exposi\u00e7\u00e3o que protege contra a infec\u00e7\u00e3o pelo HIV ap\u00f3s um contato potencial com o v\u00edrus, diretamente com sangue, secre\u00e7\u00f5es vaginais ou s\u00e9men de uma pessoa infectada, ou por contacto sexual com essa pessoa. Lembre-se &#8211; se teve contacto com uma pessoa VIH positiva, mas a sua carga viral (quantidade de v\u00edrus no sangue) \u00e9 indetect\u00e1vel, n\u00e3o h\u00e1 necessidade de usar PEP. Indetect\u00e1vel durante 6 meses = n\u00e3o infeccioso.<\/p><\/div>\n\t\t\t\t<\/div>\n\t\t\t\t\t\t\t<div class=\"elementor-toggle-item\">\n\t\t\t\t\t<div id=\"elementor-tab-title-1702\" class=\"elementor-tab-title\" data-tab=\"2\" role=\"button\" aria-controls=\"elementor-tab-content-1702\" aria-expanded=\"false\">\n\t\t\t\t\t\t\t\t\t\t\t\t<span class=\"elementor-toggle-icon elementor-toggle-icon-left\" aria-hidden=\"true\">\n\t\t\t\t\t\t\t\t\t\t\t\t\t\t\t<span class=\"elementor-toggle-icon-closed\"><i class=\"fas fa-caret-right\"><\/i><\/span>\n\t\t\t\t\t\t\t\t<span class=\"elementor-toggle-icon-opened\"><i class=\"elementor-toggle-icon-opened fas fa-caret-up\"><\/i><\/span>\n\t\t\t\t\t\t\t\t\t\t\t\t\t<\/span>\n\t\t\t\t\t\t\t\t\t\t\t\t<a class=\"elementor-toggle-title\" tabindex=\"0\">O que fazer se tiver contato com o v\u00edrus VIH?<\/a>\n\t\t\t\t\t<\/div>\n\n\t\t\t\t\t<div id=\"elementor-tab-content-1702\" class=\"elementor-tab-content elementor-clearfix\" data-tab=\"2\" role=\"region\" aria-labelledby=\"elementor-tab-title-1702\"><p>Se tiver um contacto potencial com o v\u00edrus VIH, deve tomar os medicamentos idealmente dentro de 48 horas ap\u00f3s a exposi\u00e7\u00e3o (contato com o v\u00edrus), e no m\u00e1ximo dentro de 72 horas ap\u00f3s a exposi\u00e7\u00e3o em situa\u00e7\u00f5es de alto e\/ou m\u00e9dio risco &#8211; como contato sexual ou outro contacto direto com sangue, s\u00e9men ou secre\u00e7\u00f5es vaginais de uma pessoa VIH positiva ou uma pessoa cujo estado serol\u00f3gico \u00e9 desconhecido. O nosso m\u00e9dico de plant\u00e3o tentar\u00e1 responder \u00e0 sua mensagem o mais r\u00e1pido poss\u00edvel, mas n\u00e3o levar\u00e1 mais de 24 horas.<\/p><\/div>\n\t\t\t\t<\/div>\n\t\t\t\t\t\t\t<div class=\"elementor-toggle-item\">\n\t\t\t\t\t<div id=\"elementor-tab-title-1703\" class=\"elementor-tab-title\" data-tab=\"3\" role=\"button\" aria-controls=\"elementor-tab-content-1703\" aria-expanded=\"false\">\n\t\t\t\t\t\t\t\t\t\t\t\t<span class=\"elementor-toggle-icon elementor-toggle-icon-left\" aria-hidden=\"true\">\n\t\t\t\t\t\t\t\t\t\t\t\t\t\t\t<span class=\"elementor-toggle-icon-closed\"><i class=\"fas fa-caret-right\"><\/i><\/span>\n\t\t\t\t\t\t\t\t<span class=\"elementor-toggle-icon-opened\"><i class=\"elementor-toggle-icon-opened fas fa-caret-up\"><\/i><\/span>\n\t\t\t\t\t\t\t\t\t\t\t\t\t<\/span>\n\t\t\t\t\t\t\t\t\t\t\t\t<a class=\"elementor-toggle-title\" tabindex=\"0\">O que receberei com a receita?<\/a>\n\t\t\t\t\t<\/div>\n\n\t\t\t\t\t<div id=\"elementor-tab-content-1703\" class=\"elementor-tab-content elementor-clearfix\" data-tab=\"3\" role=\"region\" aria-labelledby=\"elementor-tab-title-1703\"><p>Com a receita, receber\u00e1 uma mensagem explicando como usar a PEP, as indica\u00e7\u00f5es e contraindica\u00e7\u00f5es para o seu uso pelo nosso m\u00e9dico, bem como uma lista de farm\u00e1cias nas principais cidades de toda a Pol\u00f3nia onde a PEP \u00e9 vendida &#8211; assinalando que n\u00e3o temos controlo sobre o seu fornecimento e que o medicamento pode n\u00e3o estar dispon\u00edvel temporariamente.<\/p><\/div>\n\t\t\t\t<\/div>\n\t\t\t\t\t\t\t<div class=\"elementor-toggle-item\">\n\t\t\t\t\t<div id=\"elementor-tab-title-1704\" class=\"elementor-tab-title\" data-tab=\"4\" role=\"button\" aria-controls=\"elementor-tab-content-1704\" aria-expanded=\"false\">\n\t\t\t\t\t\t\t\t\t\t\t\t<span class=\"elementor-toggle-icon elementor-toggle-icon-left\" aria-hidden=\"true\">\n\t\t\t\t\t\t\t\t\t\t\t\t\t\t\t<span class=\"elementor-toggle-icon-closed\"><i class=\"fas fa-caret-right\"><\/i><\/span>\n\t\t\t\t\t\t\t\t<span class=\"elementor-toggle-icon-opened\"><i class=\"elementor-toggle-icon-opened fas fa-caret-up\"><\/i><\/span>\n\t\t\t\t\t\t\t\t\t\t\t\t\t<\/span>\n\t\t\t\t\t\t\t\t\t\t\t\t<a class=\"elementor-toggle-title\" tabindex=\"0\">O que devo lembrar?<\/a>\n\t\t\t\t\t<\/div>\n\n\t\t\t\t\t<div id=\"elementor-tab-content-1704\" class=\"elementor-tab-content elementor-clearfix\" data-tab=\"4\" role=\"region\" aria-labelledby=\"elementor-tab-title-1704\"><p>A prioridade \u00e9 tomar a primeira dose do medicamento e realizar o teste \u00e0 pessoa com quem teve o contacto de risco com um teste HIV de 4\u00aa gera\u00e7\u00e3o &#8211; se o estado serol\u00f3gico dessa pessoa for desconhecido. Depois deve realizar os seguintes exames em qualquer laborat\u00f3rio:<\/p><ul><li>Hemograma;<\/li><li>N\u00edvel de creatinina no sangue;<\/li><li>Teste HIV Combo de 4\u00aa gera\u00e7\u00e3o;<\/li><li>Testes de fun\u00e7\u00e3o hep\u00e1tica;<\/li><li>Exame geral de urina;<\/li><li>Ant\u00edgeno HBs.<\/li><\/ul><p>Tamb\u00e9m recomendamos a realiza\u00e7\u00e3o de testes adicionais, que n\u00e3o s\u00e3o necess\u00e1rios para obter uma receita:<\/p><ul><li>VDRL (teste de s\u00edfilis);<\/li><li>Testes PCR para gonorreia e clam\u00eddia;<\/li><li>Anticorpos anti-HBs.<\/li><\/ul><p>No entanto, a prioridade \u00e9 tomar a primeira dose do medicamento. Portanto, a entrega dos resultados dos testes pode ser feita posteriormente.<\/p><\/div>\n\t\t\t\t<\/div>\n\t\t\t\t\t\t\t<div class=\"elementor-toggle-item\">\n\t\t\t\t\t<div id=\"elementor-tab-title-1705\" class=\"elementor-tab-title\" data-tab=\"5\" role=\"button\" aria-controls=\"elementor-tab-content-1705\" aria-expanded=\"false\">\n\t\t\t\t\t\t\t\t\t\t\t\t<span class=\"elementor-toggle-icon elementor-toggle-icon-left\" aria-hidden=\"true\">\n\t\t\t\t\t\t\t\t\t\t\t\t\t\t\t<span class=\"elementor-toggle-icon-closed\"><i class=\"fas fa-caret-right\"><\/i><\/span>\n\t\t\t\t\t\t\t\t<span class=\"elementor-toggle-icon-opened\"><i class=\"elementor-toggle-icon-opened fas fa-caret-up\"><\/i><\/span>\n\t\t\t\t\t\t\t\t\t\t\t\t\t<\/span>\n\t\t\t\t\t\t\t\t\t\t\t\t<a class=\"elementor-toggle-title\" tabindex=\"0\">Preciso de PEP?<\/a>\n\t\t\t\t\t<\/div>\n\n\t\t\t\t\t<div id=\"elementor-tab-content-1705\" class=\"elementor-tab-content elementor-clearfix\" data-tab=\"5\" role=\"region\" aria-labelledby=\"elementor-tab-title-1705\"><p>\u00a0Cada caso \u00e9 diferente e, para iniciar o PEP, \u00e9 necess\u00e1ria a avalia\u00e7\u00e3o de um m\u00e9dico. Ela \u00e9 feita com base nas seguintes informa\u00e7\u00f5es:<\/p><ul><li>Data e hora exatas do contato de risco<\/li><li>Papel (penetrado, penetrante)<\/li><li>Tipo de contato (vaginal, anal, oral ou outro)<\/li><li>Se foi usado preservativo e, em caso afirmativo, se foi usado corretamente<\/li><li>Estado sorol\u00f3gico do parceiro<\/li><li>Se o parceiro pertence a uma popula\u00e7\u00e3o-chave (homem que tem rela\u00e7\u00f5es sexuais com homens, trabalhador do sexo, prisioneiro, pessoa transg\u00eanero, pessoa que usa drogas injet\u00e1veis)<\/li><li>Se a pessoa vem de um pa\u00eds com uma taxa de preval\u00eancia de HIV acima de 1%<\/li><li>Se existem contraindica\u00e7\u00f5es para o uso do PEP (medicamentos tomados, doen\u00e7as concomitantes, alergias)<\/li><\/ul><\/div>\n\t\t\t\t<\/div>\n\t\t\t\t\t\t\t\t\t\t<script type=\"application\/ld+json\">{\"@context\":\"https:\\\/\\\/schema.org\",\"@type\":\"FAQPage\",\"mainEntity\":[{\"@type\":\"Question\",\"name\":\"O que \\u00e9 a profilaxia PEP?\",\"acceptedAnswer\":{\"@type\":\"Answer\",\"text\":\"<p>PEP \\u00e9 uma profilaxia p\\u00f3s-exposi\\u00e7\\u00e3o que protege contra a infec\\u00e7\\u00e3o pelo HIV ap\\u00f3s um contato potencial com o v\\u00edrus, diretamente com sangue, secre\\u00e7\\u00f5es vaginais ou s\\u00e9men de uma pessoa infectada, ou por contacto sexual com essa pessoa. Lembre-se &#8211; se teve contacto com uma pessoa VIH positiva, mas a sua carga viral (quantidade de v\\u00edrus no sangue) \\u00e9 indetect\\u00e1vel, n\\u00e3o h\\u00e1 necessidade de usar PEP. Indetect\\u00e1vel durante 6 meses = n\\u00e3o infeccioso.<\\\/p>\"}},{\"@type\":\"Question\",\"name\":\"O que fazer se tiver contato com o v\\u00edrus VIH?\",\"acceptedAnswer\":{\"@type\":\"Answer\",\"text\":\"<p>Se tiver um contacto potencial com o v\\u00edrus VIH, deve tomar os medicamentos idealmente dentro de 48 horas ap\\u00f3s a exposi\\u00e7\\u00e3o (contato com o v\\u00edrus), e no m\\u00e1ximo dentro de 72 horas ap\\u00f3s a exposi\\u00e7\\u00e3o em situa\\u00e7\\u00f5es de alto e\\\/ou m\\u00e9dio risco &#8211; como contato sexual ou outro contacto direto com sangue, s\\u00e9men ou secre\\u00e7\\u00f5es vaginais de uma pessoa VIH positiva ou uma pessoa cujo estado serol\\u00f3gico \\u00e9 desconhecido. O nosso m\\u00e9dico de plant\\u00e3o tentar\\u00e1 responder \\u00e0 sua mensagem o mais r\\u00e1pido poss\\u00edvel, mas n\\u00e3o levar\\u00e1 mais de 24 horas.<\\\/p>\"}},{\"@type\":\"Question\",\"name\":\"O que receberei com a receita?\",\"acceptedAnswer\":{\"@type\":\"Answer\",\"text\":\"<p>Com a receita, receber\\u00e1 uma mensagem explicando como usar a PEP, as indica\\u00e7\\u00f5es e contraindica\\u00e7\\u00f5es para o seu uso pelo nosso m\\u00e9dico, bem como uma lista de farm\\u00e1cias nas principais cidades de toda a Pol\\u00f3nia onde a PEP \\u00e9 vendida &#8211; assinalando que n\\u00e3o temos controlo sobre o seu fornecimento e que o medicamento pode n\\u00e3o estar dispon\\u00edvel temporariamente.<\\\/p>\"}},{\"@type\":\"Question\",\"name\":\"O que devo lembrar?\",\"acceptedAnswer\":{\"@type\":\"Answer\",\"text\":\"<p>A prioridade \\u00e9 tomar a primeira dose do medicamento e realizar o teste \\u00e0 pessoa com quem teve o contacto de risco com um teste HIV de 4\\u00aa gera\\u00e7\\u00e3o &#8211; se o estado serol\\u00f3gico dessa pessoa for desconhecido. Depois deve realizar os seguintes exames em qualquer laborat\\u00f3rio:<\\\/p><ul><li>Hemograma;<\\\/li><li>N\\u00edvel de creatinina no sangue;<\\\/li><li>Teste HIV Combo de 4\\u00aa gera\\u00e7\\u00e3o;<\\\/li><li>Testes de fun\\u00e7\\u00e3o hep\\u00e1tica;<\\\/li><li>Exame geral de urina;<\\\/li><li>Ant\\u00edgeno HBs.<\\\/li><\\\/ul><p>Tamb\\u00e9m recomendamos a realiza\\u00e7\\u00e3o de testes adicionais, que n\\u00e3o s\\u00e3o necess\\u00e1rios para obter uma receita:<\\\/p><ul><li>VDRL (teste de s\\u00edfilis);<\\\/li><li>Testes PCR para gonorreia e clam\\u00eddia;<\\\/li><li>Anticorpos anti-HBs.<\\\/li><\\\/ul><p>No entanto, a prioridade \\u00e9 tomar a primeira dose do medicamento. Portanto, a entrega dos resultados dos testes pode ser feita posteriormente.<\\\/p>\"}},{\"@type\":\"Question\",\"name\":\"Preciso de PEP?\",\"acceptedAnswer\":{\"@type\":\"Answer\",\"text\":\"<p>\\u00a0Cada caso \\u00e9 diferente e, para iniciar o PEP, \\u00e9 necess\\u00e1ria a avalia\\u00e7\\u00e3o de um m\\u00e9dico. Ela \\u00e9 feita com base nas seguintes informa\\u00e7\\u00f5es:<\\\/p><ul><li>Data e hora exatas do contato de risco<\\\/li><li>Papel (penetrado, penetrante)<\\\/li><li>Tipo de contato (vaginal, anal, oral ou outro)<\\\/li><li>Se foi usado preservativo e, em caso afirmativo, se foi usado corretamente<\\\/li><li>Estado sorol\\u00f3gico do parceiro<\\\/li><li>Se o parceiro pertence a uma popula\\u00e7\\u00e3o-chave (homem que tem rela\\u00e7\\u00f5es sexuais com homens, trabalhador do sexo, prisioneiro, pessoa transg\\u00eanero, pessoa que usa drogas injet\\u00e1veis)<\\\/li><li>Se a pessoa vem de um pa\\u00eds com uma taxa de preval\\u00eancia de HIV acima de 1%<\\\/li><li>Se existem contraindica\\u00e7\\u00f5es para o uso do PEP (medicamentos tomados, doen\\u00e7as concomitantes, alergias)<\\\/li><\\\/ul>\"}}]}<\/script>\n\t\t\t\t\t<\/div>\n\t\t\t\t\t\t<\/div>\n\t\t\t\t<\/div>\n\t\t\t\t<\/div>\n\t\t\t\t\t<\/div>\n\t\t\t\t<\/div>\n\t\t\t\t<\/div>\n\t\t","protected":false},"excerpt":{"rendered":"<p>FAQ Voc\u00ea tem alguma pergunta? Aqui est\u00e3o as perguntas mais frequentes com respostas D\u00favidas sobre PrEP O que \u00e9 PrEP? PrEP \u00e9 uma profilaxia pr\u00e9-exposi\u00e7\u00e3o que reduz o risco de infec\u00e7\u00e3o pelo HIV. Consiste em tomar um comprimido que cont\u00e9m medicamentos antirretrovirais. Numerosos estudos cient\u00edficos demonstraram uma efic\u00e1cia muito alta, quase 100%, deste m\u00e9todo. Preciso [&hellip;]<\/p>\n","protected":false},"author":5,"featured_media":0,"parent":0,"menu_order":0,"comment_status":"closed","ping_status":"closed","template":"","meta":{"footnotes":""},"class_list":["post-1590","page","type-page","status-publish","hentry"],"_links":{"self":[{"href":"https:\/\/prepomat.pl\/pt-pt\/wp-json\/wp\/v2\/pages\/1590","targetHints":{"allow":["GET"]}}],"collection":[{"href":"https:\/\/prepomat.pl\/pt-pt\/wp-json\/wp\/v2\/pages"}],"about":[{"href":"https:\/\/prepomat.pl\/pt-pt\/wp-json\/wp\/v2\/types\/page"}],"author":[{"embeddable":true,"href":"https:\/\/prepomat.pl\/pt-pt\/wp-json\/wp\/v2\/users\/5"}],"replies":[{"embeddable":true,"href":"https:\/\/prepomat.pl\/pt-pt\/wp-json\/wp\/v2\/comments?post=1590"}],"version-history":[{"count":6,"href":"https:\/\/prepomat.pl\/pt-pt\/wp-json\/wp\/v2\/pages\/1590\/revisions"}],"predecessor-version":[{"id":2700,"href":"https:\/\/prepomat.pl\/pt-pt\/wp-json\/wp\/v2\/pages\/1590\/revisions\/2700"}],"wp:attachment":[{"href":"https:\/\/prepomat.pl\/pt-pt\/wp-json\/wp\/v2\/media?parent=1590"}],"curies":[{"name":"wp","href":"https:\/\/api.w.org\/{rel}","templated":true}]}}