{"id":1592,"date":"2022-07-18T12:58:29","date_gmt":"2022-07-18T10:58:29","guid":{"rendered":"https:\/\/prepomat.pl\/sobre-nos\/"},"modified":"2024-07-30T16:03:13","modified_gmt":"2024-07-30T14:03:13","slug":"sobre-nos","status":"publish","type":"page","link":"https:\/\/prepomat.pl\/pt-pt\/sobre-nos\/","title":{"rendered":"Sobre n\u00f3s"},"content":{"rendered":"\t\t<div data-elementor-type=\"wp-page\" data-elementor-id=\"1592\" class=\"elementor elementor-1592 elementor-313\" data-elementor-post-type=\"page\">\n\t\t\t\t<div class=\"elementor-element elementor-element-50e2312 e-flex e-con-boxed e-con e-parent\" data-id=\"50e2312\" data-element_type=\"container\" data-e-type=\"container\" data-settings=\"{&quot;background_background&quot;:&quot;classic&quot;}\">\n\t\t\t\t\t<div class=\"e-con-inner\">\n\t\t<div class=\"elementor-element elementor-element-51dfa1e e-con-full e-flex e-con e-child\" data-id=\"51dfa1e\" data-element_type=\"container\" data-e-type=\"container\" data-settings=\"{&quot;background_background&quot;:&quot;classic&quot;}\">\n\t\t\t\t<div class=\"elementor-element elementor-element-a6b3f04 elementor-widget elementor-widget-heading\" data-id=\"a6b3f04\" data-element_type=\"widget\" data-e-type=\"widget\" data-widget_type=\"heading.default\">\n\t\t\t\t<div class=\"elementor-widget-container\">\n\t\t\t\t\t<h1 class=\"elementor-heading-title elementor-size-default\">PrEPOMAT<\/h1>\t\t\t\t<\/div>\n\t\t\t\t<\/div>\n\t\t\t\t<div class=\"elementor-element elementor-element-5863c26 elementor-widget elementor-widget-text-editor\" data-id=\"5863c26\" data-element_type=\"widget\" data-e-type=\"widget\" data-widget_type=\"text-editor.default\">\n\t\t\t\t<div class=\"elementor-widget-container\">\n\t\t\t\t\t\t\t\t\t<p>PrEPOMAT \u00e9 um projeto da <strong>cl\u00ednica Stonewall em Pozna\u0144<\/strong> que visa facilitar o acesso \u00e0 profilaxia pr\u00e9-exposi\u00e7\u00e3o ao <strong>HIV\/SIDA.<\/strong><\/p><p>Reduzimos a dist\u00e2ncia entre o paciente e o m\u00e9dico, permitindo que as consultas necess\u00e1rias sejam realizadas rapidamente online.<\/p><p>A <strong>cl\u00ednica Stonewall<\/strong> \u00e9 o resultado da colabora\u00e7\u00e3o entre o <strong>Centro PrEP de Pozna\u0144<\/strong> e a associa\u00e7\u00e3o <strong>Stonewall Group<\/strong>. \u00c9 um lugar onde cuidar da sa\u00fade sexual \u00e9 f\u00e1cil e confort\u00e1vel. Al\u00e9m da oferta comercial padr\u00e3o de an\u00e1lises de laborat\u00f3rio, tratamento de s\u00edfilis, gonorreia e clam\u00eddia, bem como vacinas, a cl\u00ednica tamb\u00e9m organiza campanhas regulares de testes gratuitos para <strong>HIV, s\u00edfilis e HCV<\/strong>.<\/p><p>A cl\u00ednica Stonewall est\u00e1 localizada em <strong>Pozna\u0144<\/strong>, na rua <strong>P\u00f3\u0142wiejska 17\/18<\/strong>. Pode consultar a oferta completa clicando no link abaixo.<\/p>\t\t\t\t\t\t\t\t<\/div>\n\t\t\t\t<\/div>\n\t\t\t\t<div class=\"elementor-element elementor-element-45b75af elementor-widget elementor-widget-button\" data-id=\"45b75af\" data-element_type=\"widget\" data-e-type=\"widget\" data-widget_type=\"button.default\">\n\t\t\t\t<div class=\"elementor-widget-container\">\n\t\t\t\t\t\t\t\t\t<div class=\"elementor-button-wrapper\">\n\t\t\t\t\t<a class=\"elementor-button elementor-button-link elementor-size-sm\" href=\"https:\/\/przychodnia-stonewall.pl\" target=\"_blank\">\n\t\t\t\t\t\t<span class=\"elementor-button-content-wrapper\">\n\t\t\t\t\t\t<span class=\"elementor-button-icon\">\n\t\t\t\t<i aria-hidden=\"true\" class=\"far fa-file-powerpoint\"><\/i>\t\t\t<\/span>\n\t\t\t\t\t\t\t\t\t<span class=\"elementor-button-text\">Site da Cl\u00ednica Stonewall<\/span>\n\t\t\t\t\t<\/span>\n\t\t\t\t\t<\/a>\n\t\t\t\t<\/div>\n\t\t\t\t\t\t\t\t<\/div>\n\t\t\t\t<\/div>\n\t\t\t\t<div class=\"elementor-element elementor-element-47bc72c elementor-hidden-mobile elementor-widget elementor-widget-image\" data-id=\"47bc72c\" data-element_type=\"widget\" data-e-type=\"widget\" data-widget_type=\"image.default\">\n\t\t\t\t<div class=\"elementor-widget-container\">\n\t\t\t\t\t\t\t\t\t\t\t\t\t\t\t<img fetchpriority=\"high\" decoding=\"async\" width=\"800\" height=\"800\" src=\"https:\/\/prepomat.pl\/wp-content\/uploads\/2022\/07\/theme-5.svg\" class=\"attachment-large size-large wp-image-1600\" alt=\"\" \/>\t\t\t\t\t\t\t\t\t\t\t\t\t\t\t<\/div>\n\t\t\t\t<\/div>\n\t\t\t\t<\/div>\n\t\t<div class=\"elementor-element elementor-element-8a18343 e-con-full e-flex e-con e-child\" data-id=\"8a18343\" data-element_type=\"container\" data-e-type=\"container\">\n\t\t\t\t<div class=\"elementor-element elementor-element-4691a03 elementor-widget elementor-widget-image\" data-id=\"4691a03\" data-element_type=\"widget\" data-e-type=\"widget\" data-widget_type=\"image.default\">\n\t\t\t\t<div class=\"elementor-widget-container\">\n\t\t\t\t\t\t\t\t\t\t\t\t\t\t\t<img decoding=\"async\" width=\"800\" height=\"800\" src=\"https:\/\/prepomat.pl\/wp-content\/uploads\/2024\/02\/GRAFIKA_O_NAS_WWW-kopia-3-1-1024x1024.png\" class=\"attachment-large size-large wp-image-1607\" alt=\"\" srcset=\"https:\/\/prepomat.pl\/wp-content\/uploads\/2024\/02\/GRAFIKA_O_NAS_WWW-kopia-3-1-1024x1024.png 1024w, https:\/\/prepomat.pl\/wp-content\/uploads\/2024\/02\/GRAFIKA_O_NAS_WWW-kopia-3-1-300x300.png 300w, https:\/\/prepomat.pl\/wp-content\/uploads\/2024\/02\/GRAFIKA_O_NAS_WWW-kopia-3-1-150x150.png 150w, https:\/\/prepomat.pl\/wp-content\/uploads\/2024\/02\/GRAFIKA_O_NAS_WWW-kopia-3-1-768x768.png 768w, https:\/\/prepomat.pl\/wp-content\/uploads\/2024\/02\/GRAFIKA_O_NAS_WWW-kopia-3-1-1536x1536.png 1536w, https:\/\/prepomat.pl\/wp-content\/uploads\/2024\/02\/GRAFIKA_O_NAS_WWW-kopia-3-1-600x600.png 600w, https:\/\/prepomat.pl\/wp-content\/uploads\/2024\/02\/GRAFIKA_O_NAS_WWW-kopia-3-1-100x100.png 100w, https:\/\/prepomat.pl\/wp-content\/uploads\/2024\/02\/GRAFIKA_O_NAS_WWW-kopia-3-1.png 2000w\" sizes=\"(max-width: 800px) 100vw, 800px\" \/>\t\t\t\t\t\t\t\t\t\t\t\t\t\t\t<\/div>\n\t\t\t\t<\/div>\n\t\t\t\t<\/div>\n\t\t\t\t\t<\/div>\n\t\t\t\t<\/div>\n\t\t\t\t<\/div>\n\t\t","protected":false},"excerpt":{"rendered":"<p>PrEPOMAT PrEPOMAT \u00e9 um projeto da cl\u00ednica Stonewall em Pozna\u0144 que visa facilitar o acesso \u00e0 profilaxia pr\u00e9-exposi\u00e7\u00e3o ao HIV\/SIDA. Reduzimos a dist\u00e2ncia entre o paciente e o m\u00e9dico, permitindo que as consultas necess\u00e1rias sejam realizadas rapidamente online. A cl\u00ednica Stonewall \u00e9 o resultado da colabora\u00e7\u00e3o entre o Centro PrEP de Pozna\u0144 e a associa\u00e7\u00e3o [&hellip;]<\/p>\n","protected":false},"author":5,"featured_media":0,"parent":0,"menu_order":0,"comment_status":"closed","ping_status":"closed","template":"","meta":{"footnotes":""},"class_list":["post-1592","page","type-page","status-publish","hentry"],"_links":{"self":[{"href":"https:\/\/prepomat.pl\/pt-pt\/wp-json\/wp\/v2\/pages\/1592","targetHints":{"allow":["GET"]}}],"collection":[{"href":"https:\/\/prepomat.pl\/pt-pt\/wp-json\/wp\/v2\/pages"}],"about":[{"href":"https:\/\/prepomat.pl\/pt-pt\/wp-json\/wp\/v2\/types\/page"}],"author":[{"embeddable":true,"href":"https:\/\/prepomat.pl\/pt-pt\/wp-json\/wp\/v2\/users\/5"}],"replies":[{"embeddable":true,"href":"https:\/\/prepomat.pl\/pt-pt\/wp-json\/wp\/v2\/comments?post=1592"}],"version-history":[{"count":7,"href":"https:\/\/prepomat.pl\/pt-pt\/wp-json\/wp\/v2\/pages\/1592\/revisions"}],"predecessor-version":[{"id":2697,"href":"https:\/\/prepomat.pl\/pt-pt\/wp-json\/wp\/v2\/pages\/1592\/revisions\/2697"}],"wp:attachment":[{"href":"https:\/\/prepomat.pl\/pt-pt\/wp-json\/wp\/v2\/media?parent=1592"}],"curies":[{"name":"wp","href":"https:\/\/api.w.org\/{rel}","templated":true}]}}